{"id":567,"date":"2023-11-14T18:23:51","date_gmt":"2023-11-14T18:23:51","guid":{"rendered":"https:\/\/agertechnology.com\/?page_id=567"},"modified":"2023-11-14T20:28:12","modified_gmt":"2023-11-14T20:28:12","slug":"politica-de-cookies","status":"publish","type":"page","link":"https:\/\/agertechnology.com\/?page_id=567","title":{"rendered":"Pol\u00edtica de Cookies"},"content":{"rendered":"\n<p>En la web <strong>https:\/\/www.agertechnology.com\/<\/strong> utilizamos las cookies u otros archivos de funcionalidad similar (en adelante, \u201ccookies\u201d) para prestarte un mejor servicio y proporcionarte una mejor experiencia de navegaci\u00f3n. AGER TECHNOLOGY, S.L. (en adelante AGER TECHNOLOGY) es responsable de las cookies y del tratamiento de los datos obtenidos a trav\u00e9s de estas, ya sean propias o de terceros, decidiendo sobre la finalidad, contenido y uso del tratamiento de la informaci\u00f3n recabada.<\/p>\n\n\n\n<p>El objetivo de esta pol\u00edtica es informarte de manera clara y detallada de qu\u00e9 es una cookie, cu\u00e1l es su finalidad, qu\u00e9 tipo de cookies utilizamos y c\u00f3mo configurarlas o en su caso deshabilitarlas.<\/p>\n\n\n\n<p>La aceptaci\u00f3n de la presente Pol\u00edtica implica que la persona usuaria ha sido informada de forma clara y completa sobre el uso de dispositivos de almacenamiento y recuperaci\u00f3n de datos (cookies) as\u00ed como que AGER TECHNOLOGY, S.L. dispone del consentimiento de la persona usuaria para el uso de las mismas en los t\u00e9rminos del art\u00edculo 22 de la Ley 34\/2002, de 11 de julio, de Servicios de la Sociedad de la Informaci\u00f3n y Comercio Electr\u00f3nico (LSSICE).<\/p>\n\n\n\n<p>AGER TECHNOLOGY, S.L. como editor y responsable de este sitio web desea informarte que esta p\u00e1gina web emplea cookies propias y de terceros anal\u00edticas para la elaboraci\u00f3n de perfiles basados en h\u00e1bitos de navegaci\u00f3n del usuario. Debes saber que compartimos la informaci\u00f3n sobre el uso que haces de nuestra web con Google, quien puede combinarla con otra informaci\u00f3n que le hayas proporcionado o que haya recopilado a partir del uso que hayas hecho de sus servicios.<\/p>\n\n\n\n<p>La aceptaci\u00f3n de la presente Pol\u00edtica implica que la persona usuaria ha sido informada de forma clara y completa sobre el uso de dispositivos de almacenamiento y recuperaci\u00f3n de datos (cookies) as\u00ed como que AGER TECHNOLOGY, S.L. dispone del consentimiento del usuario para el uso de las mismas en los t\u00e9rminos del art\u00edculo 22 de la Ley 34\/2002, de 11 de julio, de Servicios de la Sociedad de la Informaci\u00f3n y Comercio Electr\u00f3nico (LSSICE).<\/p>\n\n\n\n<ol type=\"1\" start=\"1\">\n<li><strong>\u00bfQu\u00e9 es una cookie y para qu\u00e9 sirve?<\/strong><\/li>\n<\/ol>\n\n\n\n<p>Una cookie es un fichero que se descarga en su ordenador, smartphone, Tablet, etc. al acceder a determinadas p\u00e1ginas web. Las cookies permiten a una p\u00e1gina web, entre otras cosas, almacenar y recuperar informaci\u00f3n sobre los h\u00e1bitos de navegaci\u00f3n de un usuario o de su equipo y, dependiendo de la informaci\u00f3n que contengan y de la forma en que utilice su equipo, pueden utilizarse para reconocer al usuario.<\/p>\n\n\n\n<p>El conjunto de \u00abcookies\u00bb de todos nuestros usuarios nos ayuda a mejorar la calidad de nuestra web, permiti\u00e9ndonos controlar qu\u00e9 p\u00e1ginas son \u00fatiles, cu\u00e1les no y cu\u00e1les son susceptibles de mejora. En ning\u00fan caso las cookies podr\u00edan da\u00f1ar tu equipo. Por contra, el que est\u00e9n activas nos ayuda a identificar y resolver los errores.<\/p>\n\n\n\n<ol type=\"1\" start=\"2\">\n<li><strong>\u00bfClasificaci\u00f3n de las cookies?<\/strong><\/li>\n<\/ol>\n\n\n\n<p>Las cookies pueden clasificarse:<\/p>\n\n\n\n<p>Seg\u00fan la entidad que la gestiona:<\/p>\n\n\n\n<p><\/p>\n\n\n\n<ol type=\"A\" start=\"1\">\n<li><strong>Cookies propias<\/strong>: son aquellas que se env\u00edan a tu equipo desde nuestros propios equipos o dominios y desde el que prestamos el servicio que nos solicitas.<\/li>\n\n\n\n<li><strong>Cookies de terceros<\/strong>: son aquellas que se env\u00edan a tu equipo desde un equipo o dominio que no es gestionado por nosotros, sino por otra entidad colaboradora. Como por ejemplo, las usadas por redes sociales.<\/li>\n<\/ol>\n\n\n\n<p><\/p>\n\n\n\n<p>Seg\u00fan el plazo de tiempo que permanecen activadas:<\/p>\n\n\n\n<p><\/p>\n\n\n\n<ol type=\"A\" start=\"1\">\n<li><strong>Cookies de sesi\u00f3n<\/strong>: son cookies temporales que permanecen en el archivo de cookies de tu navegador hasta que abandonas la p\u00e1gina web, por lo que ninguna queda registrada en el disco duro de tu ordenador. La informaci\u00f3n obtenida por medio de estas cookies, sirven para analizar pautas de tr\u00e1fico en la web.<\/li>\n\n\n\n<li><strong>Cookies persistentes<\/strong>: son almacenadas en el disco duro y nuestra web las lee cada vez que realizas una nueva visita. Una cookie permanente posee una fecha de expiraci\u00f3n determinada. La cookie dejar\u00e1 de funcionar despu\u00e9s de esa fecha.<\/li>\n<\/ol>\n\n\n\n<p><\/p>\n\n\n\n<p>Seg\u00fan su finalidad:<\/p>\n\n\n\n<p><\/p>\n\n\n\n<ol type=\"A\" start=\"1\">\n<li><strong>Cookies t\u00e9cnicas<\/strong>: son aquellas necesarias para la navegaci\u00f3n y el buen funcionamiento de nuestra p\u00e1gina web. Permiten, por ejemplo, controlar el tr\u00e1fico y la comunicaci\u00f3n de datos, o compartir contenidos a trav\u00e9s de redes sociales.<\/li>\n\n\n\n<li><strong>Cookies de personalizaci\u00f3n<\/strong>: son aqu\u00e9llas que te permiten acceder al servicio con unas caracter\u00edsticas predefinidas en funci\u00f3n de una serie de criterios, como por ejemplo el idioma, el tipo de navegador a trav\u00e9s del cual se accede al servicio, la configuraci\u00f3n regional desde donde se accede al servicio, etc.<\/li>\n\n\n\n<li><strong>Cookies de an\u00e1lisis<\/strong>: son aqu\u00e9llas que, tratadas por nosotros o por terceros, nos permiten cuantificar el n\u00famero de usuarios y as\u00ed realizar la medici\u00f3n y an\u00e1lisis estad\u00edstico de la utilizaci\u00f3n que hacen los usuarios del servicio ofertado. Para ello se analiza su navegaci\u00f3n en nuestra p\u00e1gina web con el fin de mejorar la oferta de productos o servicios que te ofrecemos.<\/li>\n\n\n\n<li><strong>Cookies publicitarias<\/strong>: son aqu\u00e9llas que permiten la gesti\u00f3n, de la forma m\u00e1s eficaz posible, de los espacios publicitarios que se pudieran incluir en nuestra p\u00e1gina web.<\/li>\n\n\n\n<li><strong>Cookies de publicidad comportamental<\/strong>: estas cookies almacenan informaci\u00f3n del comportamiento de los usuarios obtenida a trav\u00e9s de la observaci\u00f3n continuada. Gracias a ellas, podemos conocer los h\u00e1bitos de navegaci\u00f3n en internet y mostrarte publicidad relacionada con tu perfil de navegaci\u00f3n.<\/li>\n\n\n\n<li><strong>Cookies sociales<\/strong>: son establecidas por las plataformas de redes sociales en los servicios para permitirle compartir contenido con sus amigos y redes. Las plataformas de medios sociales tienen la capacidad de rastrear su actividad en l\u00ednea fuera de los Servicios. Esto puede afectar al contenido y los mensajes que ve en otros servicios que visita.<\/li>\n\n\n\n<li><strong>Cookies de afiliados<\/strong>: permiten hacer un seguimiento de las visitas procedentes de otras webs, con las que el sitio web establece un contrato de afiliaci\u00f3n (empresas de afiliaci\u00f3n).<\/li>\n\n\n\n<li><strong>Cookies de seguridad<\/strong>: almacenan informaci\u00f3n cifrada para evitar que los datos guardados en ellas sean vulnerables a ataques maliciosos de terceros.<\/li>\n<\/ol>\n\n\n\n<ol type=\"1\" start=\"3\">\n<li>Cookies que usamos en la web https:\/\/www.agertechnology.com\/<\/li>\n<\/ol>\n\n\n\n<p>En cumplimiento con lo establecido en el art\u00edculo 22.2 de la Ley de Servicios de la Sociedad de la Informaci\u00f3n y del Comercio Electr\u00f3nico (LSSI) y en adecuaci\u00f3n con la Directiva Europea 2009\/136\/CE, AGER TECHNOLOGY, S.L. te informa sobre las cookies y otros dispositivos de almacenamiento que usamos para que puedas elegir con libertad aceptarlos o no.<\/p>\n\n\n\n<p>Para las cookies de an\u00e1lisis, de estad\u00edstica y de publicidad necesitamos tu consentimiento que podremos obtener si pulsas en el bot\u00f3n \u201cAceptar\u201d en el mensaje de informaci\u00f3n que se muestra al acceder a nuestra p\u00e1gina web. Para rechazarlas, es tan sencillo como pulsar en el bot\u00f3n \u201cRechazar todas\u201d. Tambi\u00e9n puedes &nbsp;seleccionar si quieres bloquear todas las cookies o seleccionar aquellos tipos de cookies que consientes que se instalen si pulsas en el bot\u00f3n \u201cOpciones\u201d. Siempre podr\u00e1s volver a cambiar la configuraci\u00f3n de las cookies en el bot\u00f3n de configuraci\u00f3n visible durante toda la navegaci\u00f3n.<\/p>\n\n\n\n<p>Si desactivas las cookies, podr\u00e1s seguir accediendo a la web pero puede que la navegaci\u00f3n por esta no sea \u00f3ptima y alguno de los servicios ofrecidos puede que no funcionen correctamente.<\/p>\n\n\n\n<p>Si en un futuro lleg\u00e1ramos a utilizar tipos de cookies diferentes a las contempladas en esta Pol\u00edtica de Cookies para prestar nuevos servicios o fuera necesario adaptarla a nuevas exigencias legislativas, te lo notificaremos a trav\u00e9s de nuestra web.<\/p>\n\n\n\n<ol type=\"1\" start=\"4\">\n<li><strong>\u00bfC\u00f3mo puedo configurar o deshabilitar las cookies?<\/strong><\/li>\n<\/ol>\n\n\n\n<p>Para permitir, conocer, bloquear o eliminar las cookies instaladas en tu equipo puedes hacerlo mediante la configuraci\u00f3n de las opciones del navegador instalado en su ordenador. Puedes permitir o bloquear las cookies, as\u00ed como borrar sus datos de navegaci\u00f3n (incluidas las cookies) desde el navegador que utilizas. Consulta las opciones e instrucciones que ofrece tu navegador para ello. Ten en cuenta que si aceptas las cookies de terceros, deber\u00e1s eliminarlas desde las opciones del navegador. Puedes encontrar informaci\u00f3n sobre c\u00f3mo hacerlo en el caso que uses como navegador:<\/p>\n\n\n\n<ul>\n<li><a href=\"http:\/\/support.mozilla.org\/es\/kb\/habilitar-y-deshabilitar-cookies-que-los-sitios-we\">Firefox<\/a>:<\/li>\n\n\n\n<li><a href=\"http:\/\/support.google.com\/chrome\/bin\/answer.py?hl=es&amp;answer=95647\">Chrome<\/a>:<\/li>\n\n\n\n<li><a href=\"http:\/\/windows.microsoft.com\/es-es\/windows7\/how-to-manage-cookies-in-internet-explorer-9\">Explorer<\/a>:<\/li>\n\n\n\n<li><a href=\"http:\/\/support.apple.com\/kb\/ph5042\">Safari<\/a>:<\/li>\n\n\n\n<li><a href=\"http:\/\/support.apple.com\/kb\/HT1677\">Safari para IOs<\/a>:<\/li>\n\n\n\n<li><a href=\"https:\/\/support.google.com\/chrome\/answer\/2392971?hl=es\">Chrome para Android<\/a>:<\/li>\n<\/ul>\n\n\n\n<p>AGER TECHNOLOGY, S.L. se exonera de responsabilidad del uso y finalidades que pueda realizar Google Inc. sobre los datos obtenidos mediante este proceso. Puede consultar la pol\u00edtica de privacidad de Google en el siguiente enlace <a href=\"https:\/\/policies.google.com\/privacy?hl=es\">https:\/\/policies.google.com\/privacy?hl=es<\/a>. Por otra parte, si quieres no ser rastreado por Google Analytics a trav\u00e9s de todas las p\u00e1ginas web, ve al siguiente link: <a href=\"http:\/\/tools.google.com\/dlpage\/gaoptout\">http:\/\/tools.google.com\/dlpage\/gaoptout<\/a><\/p>\n\n\n\n<p>Si necesita mayor informaci\u00f3n acerca del funcionamiento de las cookies, as\u00ed como la forma de eliminarlas, puede dirigirte a los siguientes enlaces:<\/p>\n\n\n\n<ul>\n<li><a href=\"https:\/\/es.wikipedia.org\/wiki\/Cookie_(inform%C3%A1tica)\">Entrada en la Wikipedia sobre las cookies <\/a>&nbsp;<\/li>\n\n\n\n<li><a href=\"http:\/\/www.allaboutcookies.org\/es\/\">www.allaboutcookies.org<\/a><\/li>\n<\/ul>\n\n\n\n<figure class=\"wp-block-table is-style-stripes\"><table class=\"has-fixed-layout\"><tbody><tr><td><strong>Servidor desde el que se env\u00eda<\/strong><\/td><td><strong>Nombre<\/strong><\/td><td><strong>Proveedor<\/strong><\/td><td><strong>Finalidad<\/strong><\/td><td><strong>Caducidad<\/strong><\/td><td><strong>Excluida\/No Excluida (del deber de la informaci\u00f3n y consentimiento)<\/strong><\/td><\/tr><tr><td>https:\/\/www.agertechnology.com\/<\/td><td>Acepta cookies<\/td><td>&nbsp;<\/td><td>Cookie t\u00e9cnica usada para detectar si el usuario ha aceptado la instalaci\u00f3n de cookies.<\/td><td>Sesi\u00f3n<\/td><td>SI<\/td><\/tr><tr><td>https:\/\/www.agertechnology.com\/<\/td><td>PHPSESID<\/td><td>&nbsp;<\/td><td>Cookie es nativa de PHP que permite a la web guardar datos serializados de estado. En esta web se usa para establecer sesiones de usuario pasando datos de estado a trav\u00e9s de una cookie temporal tambi\u00e9n conocida como Cookie de sesi\u00f3n.<\/td><td>Sesi\u00f3n<\/td><td>SI<\/td><\/tr><\/tbody><\/table><\/figure>\n\n\n\n<div style=\"height:50px\" aria-hidden=\"true\" class=\"wp-block-spacer\"><\/div>\n\n\n\n<p><\/p>\n\n\n\n<p><strong>NOTA<\/strong>: Es voluntad de la AGER TECHNOLOGY, S.L.mantener esta lista actualizada en todo momento, pero ante una actualizaci\u00f3n de cookies por parte de un tercero ajeno a la misma, ocasionalmente durante esta actualizaci\u00f3n puede ser que la lista no incluya una cookie instalada, aunque siempre se referir\u00e1 a cookies con prop\u00f3sitos id\u00e9nticos a los registrados en esta lista. <\/p>\n\n\n\n<p><strong>\u00daltima actualizaci\u00f3n el 14 de agosto de 2023<\/strong><\/p>\n","protected":false},"excerpt":{"rendered":"<p>En la web https:\/\/www.agertechnology.com\/ utilizamos las cookies u otros archivos de funcionalidad similar (en adelante, \u201ccookies\u201d) para prestarte un mejor servicio y proporcionarte una mejor experiencia de navegaci\u00f3n. AGER TECHNOLOGY, S.L. (en adelante AGER TECHNOLOGY) es responsable de las cookies y del tratamiento de los datos obtenidos a trav\u00e9s de [&hellip;]<\/p>\n","protected":false},"author":1,"featured_media":0,"parent":0,"menu_order":0,"comment_status":"closed","ping_status":"closed","template":"","meta":{"_themeisle_gutenberg_block_has_review":false},"_links":{"self":[{"href":"https:\/\/agertechnology.com\/index.php?rest_route=\/wp\/v2\/pages\/567"}],"collection":[{"href":"https:\/\/agertechnology.com\/index.php?rest_route=\/wp\/v2\/pages"}],"about":[{"href":"https:\/\/agertechnology.com\/index.php?rest_route=\/wp\/v2\/types\/page"}],"author":[{"embeddable":true,"href":"https:\/\/agertechnology.com\/index.php?rest_route=\/wp\/v2\/users\/1"}],"replies":[{"embeddable":true,"href":"https:\/\/agertechnology.com\/index.php?rest_route=%2Fwp%2Fv2%2Fcomments&post=567"}],"version-history":[{"count":12,"href":"https:\/\/agertechnology.com\/index.php?rest_route=\/wp\/v2\/pages\/567\/revisions"}],"predecessor-version":[{"id":602,"href":"https:\/\/agertechnology.com\/index.php?rest_route=\/wp\/v2\/pages\/567\/revisions\/602"}],"wp:attachment":[{"href":"https:\/\/agertechnology.com\/index.php?rest_route=%2Fwp%2Fv2%2Fmedia&parent=567"}],"curies":[{"name":"wp","href":"https:\/\/api.w.org\/{rel}","templated":true}]}}